{"id":1803,"date":"2017-07-14T22:39:41","date_gmt":"2017-07-14T22:39:41","guid":{"rendered":"http:\/\/engpdetonacoes.com.br\/?page_id=1803"},"modified":"2017-07-25T12:52:27","modified_gmt":"2017-07-25T12:52:27","slug":"equipamentos","status":"publish","type":"page","link":"https:\/\/engpdetonacoes.com.br\/?page_id=1803","title":{"rendered":"Equipamentos"},"content":{"rendered":"<p>[vc_row][vc_column][vc_column_text]<\/p>\n<h2>Loca\u00e7\u00e3o de \u00a0Equipamentos<\/h2>\n<p>Uma das principais empresas do setor de escava\u00e7\u00e3o de rocha a c\u00e9u aberto, a ENGP possui uma trajet\u00f3ria de mais de 10 anos de trabalho e realiza\u00e7\u00f5es na \u00e1rea de escava\u00e7\u00e3o e transporte, atualmente possui toda estrutura necess\u00e1ria para atender desde pequenas pedreiras a obras de grande porte.<\/p>\n<p>Nossos equipamentos est\u00e3o prontos para imediata loca\u00e7\u00e3o: Escavadeira hidr\u00e1ulica, Retro escavadeira, Rolo compactor, Caminh\u00e3o basculante, Caminh\u00e3o Munck, Motoniveladora, Trator de esteira, Conjunto de perfura\u00e7\u00e3o pneum\u00e1tico.[\/vc_column_text][vc_empty_space][\/vc_column][\/vc_row][vc_row css=&#8221;.vc_custom_1430826331253{margin-bottom: 22px !important;}&#8221;][vc_column width=&#8221;1\/3&#8243; css=&#8221;.vc_custom_1430826296347{margin-bottom: 30px !important;}&#8221;][stm_animation_block animation=&#8221;fadeInUp&#8221; animation_duration=&#8221;1&#8243; animation_delay=&#8221;0&#8243;][stm_info_box title=&#8221;Escavadeiras&#8221; image=&#8221;1987&#8243; link=&#8221;|||&#8221;]Escavadeira hidr\u00e1ulica 1T (Peso operacional: 23T \/ Peso operacional m\u00e1x. 24T). Opera\u00e7\u00e3o silenciosa, baixa emiss\u00e3o do motor, menos disposi\u00e7\u00e3o de fluido e servi\u00e7o de limpeza podem ajudar voc\u00ea a alcan\u00e7ar ou exceder as regulamenta\u00e7\u00f5es mundiais e proteger o meio ambiente.[\/stm_info_box][\/stm_animation_block][\/vc_column][vc_column width=&#8221;1\/3&#8243; css=&#8221;.vc_custom_1430826301380{margin-bottom: 30px !important;}&#8221;][stm_animation_block animation=&#8221;fadeInUp&#8221; animation_duration=&#8221;1&#8243; animation_delay=&#8221;0&#8243;][stm_info_box title=&#8221;Carretas de Perfura\u00e7\u00e3o&#8221; image=&#8221;2135&#8243; link=&#8221;|||&#8221;]A carreta de perfura\u00e7\u00e3o de rocha PWH-5000 foi projetada para perfura\u00e7\u00e3o em qualquer tipo de terreno, rocha ou min\u00e9rio. O posicionamento de opera\u00e7\u00e3o \u00e9 simples e confiante e a locomo\u00e7\u00e3o eficaz em terrenos acidentados.[\/stm_info_box][\/stm_animation_block][\/vc_column][vc_column width=&#8221;1\/3&#8243;][stm_animation_block animation=&#8221;fadeInUp&#8221; animation_duration=&#8221;1&#8243; animation_delay=&#8221;0&#8243;][stm_info_box title=&#8221;TRATOR&#8221; image=&#8221;2130&#8243; link=&#8221;|||&#8221;]Os tratores possuem versatilidade, produtividade e se destacam em uma ampla gama de tarefas de lamina\u00e7\u00e3o, escarifica\u00e7\u00e3o, limpeza de terrenos, empilhamento de materiais, bem como nivelamento, reboque de outros equipamentos e aterro de valas. Possui caracter\u00edsticas robustas que permitem que trabalhem em quase todos os terrenos, com a confiabilidade e o baixo custo de opera\u00e7\u00e3o.[\/stm_info_box][\/stm_animation_block][\/vc_column][\/vc_row]<\/p>\n","protected":false},"excerpt":{"rendered":"<p>[vc_row][vc_column][vc_column_text] Loca\u00e7\u00e3o de \u00a0Equipamentos Uma das principais empresas do setor de escava\u00e7\u00e3o de rocha a c\u00e9u aberto, a ENGP possui uma trajet\u00f3ria de mais de 10 anos de trabalho e realiza\u00e7\u00f5es na \u00e1rea de escava\u00e7\u00e3o e transporte, atualmente possui toda estrutura necess\u00e1ria para atender desde pequenas pedreiras a obras de grande porte. Nossos equipamentos est\u00e3o<\/p>\n","protected":false},"author":1,"featured_media":0,"parent":0,"menu_order":0,"comment_status":"closed","ping_status":"closed","template":"","meta":[],"_links":{"self":[{"href":"https:\/\/engpdetonacoes.com.br\/index.php?rest_route=\/wp\/v2\/pages\/1803"}],"collection":[{"href":"https:\/\/engpdetonacoes.com.br\/index.php?rest_route=\/wp\/v2\/pages"}],"about":[{"href":"https:\/\/engpdetonacoes.com.br\/index.php?rest_route=\/wp\/v2\/types\/page"}],"author":[{"embeddable":true,"href":"https:\/\/engpdetonacoes.com.br\/index.php?rest_route=\/wp\/v2\/users\/1"}],"replies":[{"embeddable":true,"href":"https:\/\/engpdetonacoes.com.br\/index.php?rest_route=%2Fwp%2Fv2%2Fcomments&post=1803"}],"version-history":[{"count":11,"href":"https:\/\/engpdetonacoes.com.br\/index.php?rest_route=\/wp\/v2\/pages\/1803\/revisions"}],"predecessor-version":[{"id":2157,"href":"https:\/\/engpdetonacoes.com.br\/index.php?rest_route=\/wp\/v2\/pages\/1803\/revisions\/2157"}],"wp:attachment":[{"href":"https:\/\/engpdetonacoes.com.br\/index.php?rest_route=%2Fwp%2Fv2%2Fmedia&parent=1803"}],"curies":[{"name":"wp","href":"https:\/\/api.w.org\/{rel}","templated":true}]}}